{"id":645,"date":"2016-06-22T11:44:16","date_gmt":"2016-06-22T15:44:16","guid":{"rendered":"http:\/\/new.activar.ca\/fr\/?page_id=645"},"modified":"2021-05-21T12:04:00","modified_gmt":"2021-05-21T16:04:00","slug":"equipe","status":"publish","type":"page","link":"https:\/\/activar.ca\/fr\/equipe\/","title":{"rendered":"Cofondateurs"},"content":{"rendered":"<div class=\"fusion-fullwidth fullwidth-box fusion-builder-row-1 hundred-percent-fullwidth non-hundred-percent-height-scrolling\" style=\"--awb-border-radius-top-left:0px;--awb-border-radius-top-right:0px;--awb-border-radius-bottom-right:0px;--awb-border-radius-bottom-left:0px;--awb-overflow:visible;--awb-flex-wrap:wrap;\" ><div class=\"fusion-builder-row fusion-row\"><div class=\"fusion-layout-column fusion_builder_column fusion-builder-column-0 fusion_builder_column_1_3 1_3 fusion-one-third fusion-column-first\" style=\"--awb-bg-size:cover;width:30.6666%; margin-right: 4%;\"><div class=\"fusion-column-wrapper fusion-flex-column-wrapper-legacy\"><div class=\"fusion-person person fusion-person-left fusion-person-1 fusion-person-icon-bottom\" style=\"--awb-pic-style-color:#000000;--awb-pic-borderradius:0px;--awb-margin-top:0px;--awb-margin-right:0px;--awb-margin-bottom:0px;--awb-margin-left:0px;--awb-social-box-border-top:0px;--awb-social-box-border-right:0px;--awb-social-box-border-bottom:0px;--awb-social-box-border-left:0px;--awb-social-box-border-color:var(--awb-color3);--awb-social-box-border-color-hover:var(--awb-color4);--awb-social-box-colors-hover:rgba(255,255,255,0.8);--awb-social-icon-boxed-colors:#000000;--awb-social-icon-colors:#ffffff;--awb-social-icon-colors-hover:rgba(0,0,0,0.8);\"><div class=\"person-shortcode-image-wrapper\"><div class=\"person-image-container hover-type-none\" style=\"border:0px solid #f6f6f6;-webkit-border-radius:0px;-moz-border-radius:0px;border-radius:0px;\"><img decoding=\"async\" class=\"person-img img-responsive wp-image-1901\" width=\"300\" height=\"279\" src=\"https:\/\/activar.ca\/wp-content\/uploads\/DSCN7366_Aug2016-copy-300x279.jpg\" alt=\"Mathieu Mault\" srcset=\"https:\/\/activar.ca\/wp-content\/uploads\/DSCN7366_Aug2016-copy-200x186.jpg 200w, https:\/\/activar.ca\/wp-content\/uploads\/DSCN7366_Aug2016-copy-400x371.jpg 400w, https:\/\/activar.ca\/wp-content\/uploads\/DSCN7366_Aug2016-copy-600x557.jpg 600w, https:\/\/activar.ca\/wp-content\/uploads\/DSCN7366_Aug2016-copy-800x743.jpg 800w, https:\/\/activar.ca\/wp-content\/uploads\/DSCN7366_Aug2016-copy-1200x1114.jpg 1200w\" sizes=\"(max-width: 1125px) 100vw, 400px\" \/><\/div><\/div><div class=\"person-desc\"><div class=\"person-author\"><div class=\"person-author-wrapper\"><span class=\"person-name\">Mathieu Mault<\/span><span class=\"person-title\">cofondateur <\/span><\/div><\/div><div class=\"person-content fusion-clearfix\"><\/div><div class=\"fusion-social-networks boxed-icons\"><div class=\"fusion-social-networks-wrapper\"><a class=\"fusion-social-network-icon fusion-tooltip fusion-mail awb-icon-mail custom\" aria-label=\"fusion-mail\" href=\"mailto:&#109;&#097;t.mault&#064;a&#099;ti&#118;&#097;&#114;&#046;&#099;a\" target=\"_self\" style=\"color:#ffffff;background-color:#000000;border-color:var(--awb-color3);border-radius:50%;font-size:18px;padding:10px;\" data-placement=\"top\" data-title=\"Mail\" title=\"Mail\" data-toggle=\"tooltip\"><\/a><a class=\"fusion-social-network-icon fusion-tooltip fusion-twitter awb-icon-twitter custom\" aria-label=\"fusion-twitter\" href=\"https:\/\/twitter.com\/matmault\" target=\"_blank\" rel=\"noopener noreferrer\" style=\"color:#ffffff;background-color:#000000;border-color:var(--awb-color3);border-radius:50%;font-size:18px;padding:10px;\" data-placement=\"top\" data-title=\"Twitter\" title=\"Twitter\" data-toggle=\"tooltip\"><\/a><a class=\"fusion-social-network-icon fusion-tooltip fusion-linkedin awb-icon-linkedin custom\" aria-label=\"fusion-linkedin\" href=\"https:\/\/ca.linkedin.com\/in\/mathieu-mault-256b8954\" target=\"_blank\" rel=\"noopener noreferrer\" style=\"color:#ffffff;background-color:#000000;border-color:var(--awb-color3);border-radius:50%;font-size:18px;padding:10px;\" data-placement=\"top\" data-title=\"LinkedIn\" title=\"LinkedIn\" data-toggle=\"tooltip\"><\/a><\/div><\/div><\/div><\/div><div class=\"fusion-clearfix\"><\/div><\/div><\/div><div class=\"fusion-layout-column fusion_builder_column fusion-builder-column-1 fusion_builder_column_2_3 2_3 fusion-two-third fusion-column-last\" style=\"--awb-bg-size:cover;width:65.3333%;\"><div class=\"fusion-column-wrapper fusion-flex-column-wrapper-legacy\"><div class=\"fusion-title title fusion-title-1 fusion-sep-none fusion-title-text fusion-title-size-three\" style=\"--awb-margin-bottom:30px.;--awb-margin-top-small:10px;--awb-margin-right-small:0px;--awb-margin-bottom-small:10px;--awb-margin-left-small:0px;\"><h3 class=\"fusion-title-heading title-heading-left\" style=\"margin:0;\"><strong>Une passion pour le voyage et le d\u00e9veloppement immobilier. <\/strong><\/h3><\/div><div class=\"fusion-text fusion-text-1\"><p>Mathieu a r\u00e9cemment consolid\u00e9 les activit\u00e9s du portfolio d\u2019affaires conjuguant d\u00e9veloppement, investissement et gestion d\u2019h\u00f4tels en une toute nouvelle entreprise, Activar H\u00f4tels inc. pour laquelle il agit comme PDG. En 24 mois seulement, il est parti de z\u00e9ro h\u00f4tel g\u00e9r\u00e9 \u00e0 cinq par l\u2019entremise de nouveaux d\u00e9veloppements et d\u2019acquisitions. Un leader ambitieux, Mathieu a men\u00e9 la croissance d\u2019Activar H\u00f4tels en mati\u00e8re de projets et de gens. Son esprit entrepreneurial est palpable. Il a amass\u00e9 pr\u00e8s de 100 M$ (dette et capitaux) pour la r\u00e9alisation de projets d\u2019infrastructure, majoritairement dans le secteur h\u00f4telier.<\/p>\n<p>Ses connaissances en d\u00e9veloppement immobilier, en acquisition de terrain, en financement et en investissement, en construction et en gestion des op\u00e9rations h\u00f4teli\u00e8res font de lui un atout inestimable pour l\u2019entreprise qu\u2019il g\u00e8re.<\/p>\n<p>Mathieu aime b\u00e2tir de nouveaux partenariats et ce centre sur la cr\u00e9ation de relations de longue dur\u00e9e qui font na\u00eetre de nouvelles mani\u00e8res de faire affaire ou mettent en lumi\u00e8re la communaut\u00e9 et la culture. Il est fier d\u2019encourager des entreprises locales dans la r\u00e9alisation de ses projets : conseillers juridiques, consultants, architectes, ing\u00e9nieurs, artistes et designers. Il croit fermement que l\u2019entrepreneuriat est un pilier de communaut\u00e9s saines et durables et il le soutient et le c\u00e9l\u00e8bre.<\/p>\n<p>Mathieu fournit un appui strat\u00e9gique \u00e0 des initiatives culturelles sans buts lucratifs, comme Popsilos, un circuit d\u2019art urbain sur silos de fermes invent\u00e9 et d\u00e9velopp\u00e9 par sa partenaire \u00e0 Activar. Il croit en la cause culturelle franco-ontarienne et a si\u00e9g\u00e9 sur plusieurs conseils tels ceux de la station de radio communautaire UniqueFM et Les amis du Festival franco-ontarien.<\/p>\n<\/div><div class=\"fusion-clearfix\"><\/div><\/div><\/div><div class=\"fusion-layout-column fusion_builder_column fusion-builder-column-2 fusion_builder_column_1_1 1_1 fusion-one-full fusion-column-first fusion-column-last fusion-column-no-min-height\" style=\"--awb-bg-size:cover;\"><div class=\"fusion-column-wrapper fusion-flex-column-wrapper-legacy\"><div class=\"fusion-sep-clear\"><\/div><div class=\"fusion-separator fusion-full-width-sep\" style=\"margin-left: auto;margin-right: auto;margin-top:30px;margin-bottom:50px;width:100%;\"><div class=\"fusion-separator-border sep-single sep-solid\" style=\"--awb-height:20px;--awb-amount:20px;--awb-sep-color:#000000;border-color:#000000;border-top-width:1px;\"><\/div><\/div><div class=\"fusion-sep-clear\"><\/div><div class=\"fusion-sep-clear\"><\/div><div class=\"fusion-separator fusion-full-width-sep\" style=\"margin-left: auto;margin-right: auto;width:100%;\"><\/div><div class=\"fusion-sep-clear\"><\/div><div class=\"fusion-clearfix\"><\/div><\/div><\/div><div class=\"fusion-layout-column fusion_builder_column fusion-builder-column-3 fusion_builder_column_1_3 1_3 fusion-one-third fusion-column-first\" style=\"--awb-bg-size:cover;width:30.6666%; margin-right: 4%;\"><div class=\"fusion-column-wrapper fusion-flex-column-wrapper-legacy\"><div class=\"fusion-person person fusion-person-left fusion-person-2 fusion-person-icon-bottom\" style=\"--awb-pic-style-color:#000000;--awb-pic-borderradius:0px;--awb-margin-top:0px;--awb-margin-right:0px;--awb-margin-bottom:0px;--awb-margin-left:0px;--awb-social-box-border-top:0px;--awb-social-box-border-right:0px;--awb-social-box-border-bottom:0px;--awb-social-box-border-left:0px;--awb-social-box-border-color:var(--awb-color3);--awb-social-box-border-color-hover:var(--awb-color4);--awb-social-box-colors-hover:rgba(255,255,255,0.8);--awb-social-icon-boxed-colors:#000000;--awb-social-icon-colors:#ffffff;--awb-social-icon-colors-hover:rgba(0,0,0,0.8);\"><div class=\"person-shortcode-image-wrapper\"><div class=\"person-image-container hover-type-none\" style=\"border:0px solid #f6f6f6;-webkit-border-radius:0px;-moz-border-radius:0px;border-radius:0px;\"><img decoding=\"async\" class=\"person-img img-responsive wp-image-1891\" width=\"260\" height=\"300\" src=\"https:\/\/activar.ca\/wp-content\/uploads\/IMG_3635-copy-260x300.jpg\" alt=\"Jennifer Larocque\" srcset=\"https:\/\/activar.ca\/wp-content\/uploads\/IMG_3635-copy-200x231.jpg 200w, https:\/\/activar.ca\/wp-content\/uploads\/IMG_3635-copy-400x462.jpg 400w, https:\/\/activar.ca\/wp-content\/uploads\/IMG_3635-copy-600x692.jpg 600w, https:\/\/activar.ca\/wp-content\/uploads\/IMG_3635-copy-800x923.jpg 800w, https:\/\/activar.ca\/wp-content\/uploads\/IMG_3635-copy-1200x1385.jpg 1200w\" sizes=\"(max-width: 1125px) 100vw, 400px\" \/><\/div><\/div><div class=\"person-desc\"><div class=\"person-author\"><div class=\"person-author-wrapper\"><span class=\"person-name\">Jennifer Larocque<\/span><span class=\"person-title\">cofondatrice<\/span><\/div><\/div><div class=\"person-content fusion-clearfix\"><\/div><div class=\"fusion-social-networks boxed-icons\"><div class=\"fusion-social-networks-wrapper\"><a class=\"fusion-social-network-icon fusion-tooltip fusion-mail awb-icon-mail custom\" aria-label=\"fusion-mail\" href=\"mailto:&#106;en&#046;l&#097;&#114;&#111;cq&#117;&#101;&#064;&#097;&#099;&#116;i&#118;&#097;&#114;.&#099;&#097;\" target=\"_self\" style=\"color:#ffffff;background-color:#000000;border-color:var(--awb-color3);border-radius:50%;font-size:18px;padding:10px;\" data-placement=\"top\" data-title=\"Mail\" title=\"Mail\" data-toggle=\"tooltip\"><\/a><a class=\"fusion-social-network-icon fusion-tooltip fusion-twitter awb-icon-twitter custom\" aria-label=\"fusion-twitter\" href=\"https:\/\/twitter.com\/larojen\" target=\"_blank\" rel=\"noopener noreferrer\" style=\"color:#ffffff;background-color:#000000;border-color:var(--awb-color3);border-radius:50%;font-size:18px;padding:10px;\" data-placement=\"top\" data-title=\"Twitter\" title=\"Twitter\" data-toggle=\"tooltip\"><\/a><a class=\"fusion-social-network-icon fusion-tooltip fusion-linkedin awb-icon-linkedin custom\" aria-label=\"fusion-linkedin\" href=\"https:\/\/ca.linkedin.com\/in\/jennifer-larocque-52738060\" target=\"_blank\" rel=\"noopener noreferrer\" style=\"color:#ffffff;background-color:#000000;border-color:var(--awb-color3);border-radius:50%;font-size:18px;padding:10px;\" data-placement=\"top\" data-title=\"LinkedIn\" title=\"LinkedIn\" data-toggle=\"tooltip\"><\/a><\/div><\/div><\/div><\/div><div class=\"fusion-clearfix\"><\/div><\/div><\/div><div class=\"fusion-layout-column fusion_builder_column fusion-builder-column-4 fusion_builder_column_2_3 2_3 fusion-two-third fusion-column-last\" style=\"--awb-bg-size:cover;width:65.3333%;\"><div class=\"fusion-column-wrapper fusion-flex-column-wrapper-legacy\"><div class=\"fusion-title title fusion-title-2 fusion-sep-none fusion-title-text fusion-title-size-three\" style=\"--awb-margin-top:30px.;--awb-margin-bottom:30px.;--awb-margin-top-small:10px;--awb-margin-right-small:0px;--awb-margin-bottom-small:10px;--awb-margin-left-small:0px;\"><h3 class=\"fusion-title-heading title-heading-left\" style=\"margin:0;\"><strong>L\u2019art de cr\u00e9er des liens.<\/strong><\/h3><\/div><div class=\"fusion-text fusion-text-2\"><p>Jennifer est passionn\u00e9e de la cr\u00e9ativit\u00e9 et de la communication\u00a0: elle transmet des \u00e9motions \u00e0 travers les mots, les expressions et les images. Jennifer a acquis plus de 15 ans d\u2019exp\u00e9rience en marketing et en communications. Elle lan\u00e7a sa carri\u00e8re en travaillant au sein d\u2019une soci\u00e9t\u00e9 <em>Fortune 500 <\/em>\u00e0 Montr\u00e9al. Elle agit ensuite \u00e0 titre de gestionnaire de marketing \u00e0 Exportation et d\u00e9veloppement Canada et \u00e0 la coop\u00e9rative La Siembra, connue pour son chocolat Camino, marque chouchou de choco \u00e9quitable et bio.<\/p>\n<p>On sollicite r\u00e9guli\u00e8rement Jennifer pour des projets de conceptualisation, de strat\u00e9gie et de communication web ainsi que pour la cr\u00e9ation de produits imprim\u00e9s. On reconna\u00eet son habilet\u00e9 \u00e0 cr\u00e9er des produits qui \u00e9voque les valeurs d\u2019une marque. Depuis le lancement d\u2019Activar inc., elle a tiss\u00e9 une relation de confiance avec des clients comme l\u2019Universit\u00e9 d\u2019Ottawa. Jennifer g\u00e8re aussi les projets du dossier marketing pour Activar H\u00f4tels inc. et les \u00a0h\u00f4tels qu\u2019elle op\u00e8re.<\/p>\n<p>Aussi une artiste visuelle, Jennifer raffole du pouvoir in\u00e9dit qu\u2019a l\u2019art d\u2019interpeller m\u00eame ceux et celles qui ne s\u2019y sentent pas naturellement attir\u00e9s. C\u2019est avec cet esprit cr\u00e9atif et entrepreneurial qu\u2019elle cr\u00e9a r\u00e9cemment une exp\u00e9rience unique au tourisme canadien\u00a0: une promenade champ\u00eatre qui fait d\u00e9couvrir sept g\u00e9antes murales d\u2019art urbain sur des silos de fermes dans la r\u00e9gion de Prescott-Russell, dans l\u2019est-ontarien. En 2020, l\u2019exp\u00e9rience Popsilos fut nomm\u00e9e l\u2019un des bijoux cach\u00e9s \u00e0 d\u00e9couvrir dans la s\u00e9rie <em>Hidden Canada <\/em>du <em>Globe and Mail. <\/em><\/p>\n<p>Jennifer est une leader d\u2019opinion inspirante et une oratrice dynamique toujours pr\u00eate \u00e0 partager ses connaissances avec les gens.<\/p>\n<\/div><div class=\"fusion-clearfix\"><\/div><\/div><\/div><\/div><\/div>\n","protected":false},"excerpt":{"rendered":"","protected":false},"author":4,"featured_media":0,"parent":0,"menu_order":0,"comment_status":"closed","ping_status":"closed","template":"","meta":{"_monsterinsights_skip_tracking":false,"_monsterinsights_sitenote_active":false,"_monsterinsights_sitenote_note":"","_monsterinsights_sitenote_category":0,"footnotes":""},"class_list":["post-645","page","type-page","status-publish","hentry"],"aioseo_notices":[],"_links":{"self":[{"href":"https:\/\/activar.ca\/fr\/wp-json\/wp\/v2\/pages\/645","targetHints":{"allow":["GET"]}}],"collection":[{"href":"https:\/\/activar.ca\/fr\/wp-json\/wp\/v2\/pages"}],"about":[{"href":"https:\/\/activar.ca\/fr\/wp-json\/wp\/v2\/types\/page"}],"author":[{"embeddable":true,"href":"https:\/\/activar.ca\/fr\/wp-json\/wp\/v2\/users\/4"}],"replies":[{"embeddable":true,"href":"https:\/\/activar.ca\/fr\/wp-json\/wp\/v2\/comments?post=645"}],"version-history":[{"count":0,"href":"https:\/\/activar.ca\/fr\/wp-json\/wp\/v2\/pages\/645\/revisions"}],"wp:attachment":[{"href":"https:\/\/activar.ca\/fr\/wp-json\/wp\/v2\/media?parent=645"}],"curies":[{"name":"wp","href":"https:\/\/api.w.org\/{rel}","templated":true}]}}