{"id":641,"date":"2016-06-22T11:43:05","date_gmt":"2016-06-22T15:43:05","guid":{"rendered":"http:\/\/new.activar.ca\/fr\/?page_id=641"},"modified":"2018-11-28T11:03:32","modified_gmt":"2018-11-28T16:03:32","slug":"realisations","status":"publish","type":"page","link":"https:\/\/activar.ca\/fr\/realisations\/","title":{"rendered":"R\u00e9alisations"},"content":{"rendered":"<p><div class=\"fusion-fullwidth fullwidth-box fusion-builder-row-1 hundred-percent-fullwidth non-hundred-percent-height-scrolling\" style=\"--awb-border-radius-top-left:0px;--awb-border-radius-top-right:0px;--awb-border-radius-bottom-right:0px;--awb-border-radius-bottom-left:0px;--awb-overflow:visible;--awb-flex-wrap:wrap;\" ><div class=\"fusion-builder-row fusion-row\"><div class=\"fusion-layout-column fusion_builder_column fusion-builder-column-0 fusion_builder_column_1_1 1_1 fusion-one-full fusion-column-first fusion-column-last fusion-column-no-min-height\" style=\"--awb-bg-size:cover;\"><div class=\"fusion-column-wrapper fusion-flex-column-wrapper-legacy\"><div class=\"fusion-title title fusion-title-1 fusion-sep-none fusion-title-text fusion-title-size-three\" style=\"--awb-margin-top:50px.;--awb-margin-bottom:50px.;--awb-margin-top-small:10px;--awb-margin-right-small:0px;--awb-margin-bottom-small:10px;--awb-margin-left-small:0px;\"><h3 class=\"fusion-title-heading title-heading-left\" style=\"margin:0;\">R\u00e9alisations<\/h3><\/div><div class=\"fusion-clearfix\"><\/div><\/div><\/div><\/div><\/div><div class=\"fusion-fullwidth fullwidth-box fusion-builder-row-2 hundred-percent-fullwidth non-hundred-percent-height-scrolling\" style=\"--awb-border-radius-top-left:0px;--awb-border-radius-top-right:0px;--awb-border-radius-bottom-right:0px;--awb-border-radius-bottom-left:0px;--awb-overflow:visible;--awb-flex-wrap:wrap;\" ><div class=\"fusion-builder-row fusion-row\"><div class=\"fusion-layout-column fusion_builder_column fusion-builder-column-1 fusion_builder_column_1_1 1_1 fusion-one-full fusion-column-first fusion-column-last fusion-column-no-min-height\" style=\"--awb-bg-size:cover;\"><div class=\"fusion-column-wrapper fusion-flex-column-wrapper-legacy\"><style type=\"text\/css\">.fusion-portfolio-wrapper#fusion-portfolio-1 .fusion-portfolio-content{  text-align: left; }<\/style><div class=\"fusion-recent-works fusion-portfolio-element fusion-portfolio fusion-portfolio-1 fusion-portfolio-grid fusion-portfolio-paging-pagination fusion-portfolio-three fusion-portfolio-unboxed fusion-portfolio-text fusion-portfolio-equal-heights fusion-portfolio-rollover\" data-id=\"-rw-1\" data-columns=\"three\"><div><ul class=\"fusion-filters\" role=\"menu\" aria-label=\"Portfolio Filters\"><li role=\"presentation\" class=\"fusion-filter fusion-filter-all fusion-active\"><a href=\"#\" data-filter=\"*\" role=\"menuitem\">Tous<\/a><\/li><li role=\"presentation\" class=\"fusion-filter fusion-hidden\"><a href=\"#\" data-filter=\".activar-hotels-fr\" role=\"menuitem\">Activar h\u00f4tels<\/a><\/li><li role=\"presentation\" class=\"fusion-filter fusion-hidden\"><a href=\"#\" data-filter=\".projets-dinfrastructure\" role=\"menuitem\">Projets d'infrastructure<\/a><\/li><\/ul><\/div><style type=\"text\/css\">.fusion-portfolio-1 .fusion-portfolio-wrapper .fusion-col-spacing{padding:6px;}<\/style><div class=\"fusion-portfolio-wrapper\" id=\"fusion-portfolio-1\" data-picturesize=\"fixed\" data-pages=\"1\" style=\"margin:-6px;\"><article id=\"portfolio-1-post-1641\" class=\"fusion-portfolio-post activar-hotels-fr fusion-col-spacing post-1641\"><div class=\"fusion-portfolio-content-wrapper\" style=\"border:none;\"><span class=\"vcard rich-snippet-hidden\"><span class=\"fn\"><a href=\"https:\/\/activar.ca\/fr\/author\/matnjen\/\" title=\"Articles par Jennifer Larocque\" rel=\"author\">Jennifer Larocque<\/a><\/span><\/span><span class=\"updated rich-snippet-hidden\">2019-03-06T23:36:59-05:00<\/span><div  class=\"fusion-image-wrapper fusion-image-size-fixed\" aria-haspopup=\"true\">\n\t\t\t\t<img decoding=\"async\" width=\"300\" height=\"214\" src=\"https:\/\/activar.ca\/wp-content\/uploads\/Microtel-ValDOr-ouverture-300x214.jpg\" class=\"attachment-portfolio-three size-portfolio-three wp-post-image\" alt=\"\" \/><div class=\"fusion-rollover\">\n\t<div class=\"fusion-rollover-content\">\n\n\t\t\t\t\t\t\t\t\t\t\n\t\t\t\t\t\t\t\t\t\t\t\t\t\t\n\t\t\t\t\t\t\t\t\n\t\t\t\t\t\t\t\t\n\t\t\t\t\t\t\t\t\t\t\t\t\t\t\t\t\t\t<a class=\"fusion-rollover-gallery\" href=\"https:\/\/activar.ca\/wp-content\/uploads\/Microtel-ValDOr-ouverture.jpg\" data-options=\"\" data-id=\"1641\" data-rel=\"iLightbox[gallery-rw-1]\" data-title=\"Microtel ValDOr ouverture\" data-caption=\"\">\n\t\t\t\t\t\tGallery\t\t\t\t\t<\/a>\n\t\t\t\t\t\t\t\t\t\t\t\t\t\t\n\t\t\n\t\t\t\t\t\t\t\t\n\t\t\t\t\t\t\t\t\n\t\t\n\t\t\t\t\t\t<a class=\"fusion-link-wrapper\" href=\"https:\/\/activar.ca\/fr\/portfolio-items\/microtel-val-dor\/?portfolioCats=74%2C72\" target=\"_blank\" aria-label=\"Microtel Val-d&rsquo;Or\"><\/a>\n\t<\/div>\n<\/div>\n<\/div>\n<div class=\"fusion-portfolio-content\"><h2 class=\"entry-title fusion-post-title\"><a href=\"https:\/\/activar.ca\/fr\/portfolio-items\/microtel-val-dor\/?portfolioCats=74%2C72\" target=\"_blank\" rel=\"noopener noreferrer\">Microtel Val-d&rsquo;Or<\/a><\/h2><div class=\"fusion-portfolio-meta\"><a href=\"https:\/\/activar.ca\/fr\/portfolio_category\/activar-hotels-fr\/\" rel=\"tag\">Activar h\u00f4tels<\/a><\/div><div class=\"fusion-post-content\"><p> Le Microtel Val-D'Or a ouvert ses portes en juin  [...]<\/p><\/div><\/div><\/div><\/article><article id=\"portfolio-1-post-762\" class=\"fusion-portfolio-post projets-dinfrastructure fusion-col-spacing post-762\"><div class=\"fusion-portfolio-content-wrapper\" style=\"border:none;\"><span class=\"vcard rich-snippet-hidden\"><span class=\"fn\"><a href=\"https:\/\/activar.ca\/fr\/author\/matnjen\/\" title=\"Articles par Jennifer Larocque\" rel=\"author\">Jennifer Larocque<\/a><\/span><\/span><span class=\"updated rich-snippet-hidden\">2018-02-25T13:59:56-05:00<\/span><div  class=\"fusion-image-wrapper fusion-image-size-fixed\" aria-haspopup=\"true\">\n\t\t\t\t<img decoding=\"async\" width=\"300\" height=\"214\" src=\"https:\/\/activar.ca\/wp-content\/uploads\/Centre-educatif-des-Becasseaux-300x214.jpg\" class=\"attachment-portfolio-three size-portfolio-three wp-post-image\" alt=\"Activar - Centre \u00e9ducatif des B\u00e9casseaux\" \/><div class=\"fusion-rollover\">\n\t<div class=\"fusion-rollover-content\">\n\n\t\t\t\t\t\t\t\t\t\t\t\t\t\t<a class=\"fusion-rollover-link\" href=\"https:\/\/activar.ca\/fr\/portfolio-items\/nouveau-centre-educatif-des-gazelles\/?portfolioCats=74%2C72\" target=\"_blank\">Projet : Le nouveau Centre \u00e9ducatif des Gazelles<\/a>\n\t\t\t\n\t\t\t\t\t\t\t\t\t\t\t\t\t\t\n\t\t\t\t\t\t\t\t\n\t\t\t\t\t\t\t\t\t\t\t\t\t<div class=\"fusion-rollover-sep\"><\/div>\n\t\t\t\t\n\t\t\t\t\t\t\t\t\t\t\t\t\t\t\t\t\t\t<a class=\"fusion-rollover-gallery\" href=\"https:\/\/activar.ca\/wp-content\/uploads\/Centre-educatif-des-Becasseaux.jpg\" data-options=\"\" data-id=\"762\" data-rel=\"iLightbox[gallery-rw-1]\" data-title=\"Centre educatif des Becasseaux\" data-caption=\"Source - centredesbecasseaux.com\">\n\t\t\t\t\t\tGallery\t\t\t\t\t<\/a>\n\t\t\t\t\t\t\t\t\t\t\t\t\t\t\n\t\t\n\t\t\t\t\t\t\t\t\n\t\t\t\t\t\t\t\t\n\t\t\n\t\t\t\t\t\t<a class=\"fusion-link-wrapper\" href=\"https:\/\/activar.ca\/fr\/portfolio-items\/nouveau-centre-educatif-des-gazelles\/?portfolioCats=74%2C72\" target=\"_blank\" aria-label=\"Projet : Le nouveau Centre \u00e9ducatif des Gazelles\"><\/a>\n\t<\/div>\n<\/div>\n<\/div>\n<div class=\"fusion-portfolio-content\"><h2 class=\"entry-title fusion-post-title\"><a href=\"https:\/\/activar.ca\/fr\/portfolio-items\/nouveau-centre-educatif-des-gazelles\/?portfolioCats=74%2C72\" target=\"_blank\" rel=\"noopener noreferrer\">Projet : Le nouveau Centre \u00e9ducatif des Gazelles<\/a><\/h2><div class=\"fusion-portfolio-meta\"><a href=\"https:\/\/activar.ca\/fr\/portfolio_category\/projets-dinfrastructure\/\" rel=\"tag\">Projets d'infrastructure<\/a><\/div><div class=\"fusion-post-content\"><p>Le nouveau Centre \u00e9ducatif des Gazelles Parce que c\u2019est l\u2019ambition  [...]<\/p><\/div><\/div><\/div><\/article><article id=\"portfolio-1-post-757\" class=\"fusion-portfolio-post projets-dinfrastructure fusion-col-spacing post-757\"><div class=\"fusion-portfolio-content-wrapper\" style=\"border:none;\"><span class=\"vcard rich-snippet-hidden\"><span class=\"fn\"><a href=\"https:\/\/activar.ca\/fr\/author\/matnjen\/\" title=\"Articles par Jennifer Larocque\" rel=\"author\">Jennifer Larocque<\/a><\/span><\/span><span class=\"updated rich-snippet-hidden\">2018-02-25T13:59:56-05:00<\/span><div  class=\"fusion-image-wrapper fusion-image-size-fixed\" aria-haspopup=\"true\">\n\t\t\t\t<img decoding=\"async\" width=\"300\" height=\"214\" src=\"https:\/\/activar.ca\/wp-content\/uploads\/Beaus-cellar-upgrade-300x214.jpg\" class=\"attachment-portfolio-three size-portfolio-three wp-post-image\" alt=\"Beau&#039;s cellar upgrade, agrandissement du cellier de la brasserie Beau&#039;s\" \/><div class=\"fusion-rollover\">\n\t<div class=\"fusion-rollover-content\">\n\n\t\t\t\t\t\t\t\t\t\t\t\t\t\t<a class=\"fusion-rollover-link\" href=\"https:\/\/activar.ca\/fr\/portfolio-items\/beaus-agrandissement-du-cellier\/?portfolioCats=74%2C72\" target=\"_blank\">Projet : La brasserie Beau\u2019s : agrandissement du cellier<\/a>\n\t\t\t\n\t\t\t\t\t\t\t\t\t\t\t\t\t\t\n\t\t\t\t\t\t\t\t\n\t\t\t\t\t\t\t\t\t\t\t\t\t<div class=\"fusion-rollover-sep\"><\/div>\n\t\t\t\t\n\t\t\t\t\t\t\t\t\t\t\t\t\t\t\t\t\t\t<a class=\"fusion-rollover-gallery\" href=\"https:\/\/activar.ca\/wp-content\/uploads\/Beaus-cellar-upgrade.jpg\" data-options=\"\" data-id=\"757\" data-rel=\"iLightbox[gallery-rw-1]\" data-title=\"Beau&#039;s cellar upgrade\" data-caption=\"Source - Activar\">\n\t\t\t\t\t\tGallery\t\t\t\t\t<\/a>\n\t\t\t\t\t\t\t\t\t\t\t\t\t\t\n\t\t\n\t\t\t\t\t\t\t\t\n\t\t\t\t\t\t\t\t\n\t\t\n\t\t\t\t\t\t<a class=\"fusion-link-wrapper\" href=\"https:\/\/activar.ca\/fr\/portfolio-items\/beaus-agrandissement-du-cellier\/?portfolioCats=74%2C72\" target=\"_blank\" aria-label=\"Projet : La brasserie Beau\u2019s : agrandissement du cellier\"><\/a>\n\t<\/div>\n<\/div>\n<\/div>\n<div class=\"fusion-portfolio-content\"><h2 class=\"entry-title fusion-post-title\"><a href=\"https:\/\/activar.ca\/fr\/portfolio-items\/beaus-agrandissement-du-cellier\/?portfolioCats=74%2C72\" target=\"_blank\" rel=\"noopener noreferrer\">Projet : La brasserie Beau\u2019s : agrandissement du cellier<\/a><\/h2><div class=\"fusion-portfolio-meta\"><a href=\"https:\/\/activar.ca\/fr\/portfolio_category\/projets-dinfrastructure\/\" rel=\"tag\">Projets d'infrastructure<\/a><\/div><div class=\"fusion-post-content\"><p>La brasserie Beau\u2019s : agrandissement du cellier Parce que c\u2019est  [...]<\/p><\/div><\/div><\/div><\/article><article id=\"portfolio-1-post-748\" class=\"fusion-portfolio-post activar-hotels-fr fusion-col-spacing post-748\"><div class=\"fusion-portfolio-content-wrapper\" style=\"border:none;\"><span class=\"vcard rich-snippet-hidden\"><span class=\"fn\"><a href=\"https:\/\/activar.ca\/fr\/author\/matnjen\/\" title=\"Articles par Jennifer Larocque\" rel=\"author\">Jennifer Larocque<\/a><\/span><\/span><span class=\"updated rich-snippet-hidden\">2018-02-25T13:59:57-05:00<\/span><div  class=\"fusion-image-wrapper fusion-image-size-fixed\" aria-haspopup=\"true\">\n\t\t\t\t<img decoding=\"async\" width=\"300\" height=\"214\" src=\"https:\/\/activar.ca\/wp-content\/uploads\/Microtel-Casselman-300x214.jpg\" class=\"attachment-portfolio-three size-portfolio-three wp-post-image\" alt=\"Microtel Casselman, Microtel Casselman\" \/><div class=\"fusion-rollover\">\n\t<div class=\"fusion-rollover-content\">\n\n\t\t\t\t\t\t\t\t\t\t\t\t\t\t<a class=\"fusion-rollover-link\" href=\"https:\/\/activar.ca\/fr\/portfolio-items\/microtel-casselman-fr\/?portfolioCats=74%2C72\" target=\"_blank\">Projet : Microtel Casselman<\/a>\n\t\t\t\n\t\t\t\t\t\t\t\t\t\t\t\t\t\t\n\t\t\t\t\t\t\t\t\n\t\t\t\t\t\t\t\t\t\t\t\t\t<div class=\"fusion-rollover-sep\"><\/div>\n\t\t\t\t\n\t\t\t\t\t\t\t\t\t\t\t\t\t\t\t\t\t\t<a class=\"fusion-rollover-gallery\" href=\"https:\/\/activar.ca\/wp-content\/uploads\/Microtel-Casselman.jpg\" data-options=\"\" data-id=\"748\" data-rel=\"iLightbox[gallery-rw-1]\" data-title=\"Microtel Casselman\" data-caption=\"Source - www.facebook.com\/JFDroneMaster\/\">\n\t\t\t\t\t\tGallery\t\t\t\t\t<\/a>\n\t\t\t\t\t\t\t\t\t\t\t\t\t\t\n\t\t\n\t\t\t\t\t\t\t\t\n\t\t\t\t\t\t\t\t\n\t\t\n\t\t\t\t\t\t<a class=\"fusion-link-wrapper\" href=\"https:\/\/activar.ca\/fr\/portfolio-items\/microtel-casselman-fr\/?portfolioCats=74%2C72\" target=\"_blank\" aria-label=\"Projet : Microtel Casselman\"><\/a>\n\t<\/div>\n<\/div>\n<\/div>\n<div class=\"fusion-portfolio-content\"><h2 class=\"entry-title fusion-post-title\"><a href=\"https:\/\/activar.ca\/fr\/portfolio-items\/microtel-casselman-fr\/?portfolioCats=74%2C72\" target=\"_blank\" rel=\"noopener noreferrer\">Projet : Microtel Casselman<\/a><\/h2><div class=\"fusion-portfolio-meta\"><a href=\"https:\/\/activar.ca\/fr\/portfolio_category\/activar-hotels-fr\/\" rel=\"tag\">Activar h\u00f4tels<\/a><\/div><div class=\"fusion-post-content\"><p>Microtel Casselman Parce que le projet est une mani\u00e8re de  [...]<\/p><\/div><\/div><\/div><\/article><article id=\"portfolio-1-post-725\" class=\"fusion-portfolio-post projets-dinfrastructure fusion-col-spacing post-725\"><div class=\"fusion-portfolio-content-wrapper\" style=\"border:none;\"><span class=\"vcard rich-snippet-hidden\"><span class=\"fn\"><a href=\"https:\/\/activar.ca\/fr\/author\/matnjen\/\" title=\"Articles par Jennifer Larocque\" rel=\"author\">Jennifer Larocque<\/a><\/span><\/span><span class=\"updated rich-snippet-hidden\">2019-03-04T22:05:08-05:00<\/span><div  class=\"fusion-image-wrapper fusion-image-size-fixed\" aria-haspopup=\"true\">\n\t\t\t\t<img decoding=\"async\" width=\"300\" height=\"214\" src=\"https:\/\/activar.ca\/wp-content\/uploads\/excentricite-1920x720-300x214.jpg\" class=\"attachment-portfolio-three size-portfolio-three wp-post-image\" alt=\"\" \/><div class=\"fusion-rollover\">\n\t<div class=\"fusion-rollover-content\">\n\n\t\t\t\t\t\t\t\t\t\t\t\t\t\t<a class=\"fusion-rollover-link\" href=\"https:\/\/activar.ca\/fr\/portfolio-items\/place-de-la-cite-fr\/?portfolioCats=74%2C72\" target=\"_blank\">Projet : La Cit\u00e9 \u2013 L&rsquo;Excentricit\u00e9<\/a>\n\t\t\t\n\t\t\t\t\t\t\t\t\t\t\t\t\t\t\n\t\t\t\t\t\t\t\t\n\t\t\t\t\t\t\t\t\t\t\t\t\t<div class=\"fusion-rollover-sep\"><\/div>\n\t\t\t\t\n\t\t\t\t\t\t\t\t\t\t\t\t\t\t\t\t\t\t<a class=\"fusion-rollover-gallery\" href=\"https:\/\/activar.ca\/wp-content\/uploads\/excentricite-1920x720.jpg\" data-options=\"\" data-id=\"725\" data-rel=\"iLightbox[gallery-rw-1]\" data-title=\"excentricite-1920x720\" data-caption=\"\">\n\t\t\t\t\t\tGallery\t\t\t\t\t<\/a>\n\t\t\t\t\t\t\t\t\t\t\t\t\t\t\n\t\t\n\t\t\t\t\t\t\t\t\n\t\t\t\t\t\t\t\t\n\t\t\n\t\t\t\t\t\t<a class=\"fusion-link-wrapper\" href=\"https:\/\/activar.ca\/fr\/portfolio-items\/place-de-la-cite-fr\/?portfolioCats=74%2C72\" target=\"_blank\" aria-label=\"Projet : La Cit\u00e9 \u2013 L&rsquo;Excentricit\u00e9\"><\/a>\n\t<\/div>\n<\/div>\n<\/div>\n<div class=\"fusion-portfolio-content\"><h2 class=\"entry-title fusion-post-title\"><a href=\"https:\/\/activar.ca\/fr\/portfolio-items\/place-de-la-cite-fr\/?portfolioCats=74%2C72\" target=\"_blank\" rel=\"noopener noreferrer\">Projet : La Cit\u00e9 \u2013 L&rsquo;Excentricit\u00e9<\/a><\/h2><div class=\"fusion-portfolio-meta\"><a href=\"https:\/\/activar.ca\/fr\/portfolio_category\/projets-dinfrastructure\/\" rel=\"tag\">Projets d'infrastructure<\/a><\/div><div class=\"fusion-post-content\"><p> La Cit\u00e9 \u2013 L'Excentricit\u00e9  Parce que le projet  [...]<\/p><\/div><\/div><\/div><\/article><article id=\"portfolio-1-post-721\" class=\"fusion-portfolio-post projets-dinfrastructure fusion-col-spacing post-721\"><div class=\"fusion-portfolio-content-wrapper\" style=\"border:none;\"><span class=\"vcard rich-snippet-hidden\"><span class=\"fn\"><a href=\"https:\/\/activar.ca\/fr\/author\/matnjen\/\" title=\"Articles par Jennifer Larocque\" rel=\"author\">Jennifer Larocque<\/a><\/span><\/span><span class=\"updated rich-snippet-hidden\">2018-02-25T13:59:57-05:00<\/span><div  class=\"fusion-image-wrapper fusion-image-size-fixed\" aria-haspopup=\"true\">\n\t\t\t\t<img decoding=\"async\" width=\"300\" height=\"214\" src=\"https:\/\/activar.ca\/wp-content\/uploads\/Beaus.Webphoto-300x214.jpg\" class=\"attachment-portfolio-three size-portfolio-three wp-post-image\" alt=\"\" \/><div class=\"fusion-rollover\">\n\t<div class=\"fusion-rollover-content\">\n\n\t\t\t\t\t\t\t\t\t\t\t\t\t\t<a class=\"fusion-rollover-link\" href=\"https:\/\/activar.ca\/fr\/portfolio-items\/beaus-marche-quebecois\/?portfolioCats=74%2C72\" target=\"_blank\">Projet : La Brasserie Beau\u2019s d\u00e9veloppe le march\u00e9 qu\u00e9b\u00e9cois\u00a0<\/a>\n\t\t\t\n\t\t\t\t\t\t\t\t\t\t\t\t\t\t\n\t\t\t\t\t\t\t\t\n\t\t\t\t\t\t\t\t\t\t\t\t\t<div class=\"fusion-rollover-sep\"><\/div>\n\t\t\t\t\n\t\t\t\t\t\t\t\t\t\t\t\t\t\t\t\t\t\t<a class=\"fusion-rollover-gallery\" href=\"https:\/\/activar.ca\/wp-content\/uploads\/Beaus.Webphoto.jpg\" data-options=\"\" data-id=\"721\" data-rel=\"iLightbox[gallery-rw-1]\" data-title=\"Beaus.Webphoto\" data-caption=\"Source - Beaus.ca\">\n\t\t\t\t\t\tGallery\t\t\t\t\t<\/a>\n\t\t\t\t\t\t\t\t\t\t\t\t\t\t\n\t\t\n\t\t\t\t\t\t\t\t\n\t\t\t\t\t\t\t\t\n\t\t\n\t\t\t\t\t\t<a class=\"fusion-link-wrapper\" href=\"https:\/\/activar.ca\/fr\/portfolio-items\/beaus-marche-quebecois\/?portfolioCats=74%2C72\" target=\"_blank\" aria-label=\"Projet : La Brasserie Beau\u2019s d\u00e9veloppe le march\u00e9 qu\u00e9b\u00e9cois\u00a0\"><\/a>\n\t<\/div>\n<\/div>\n<\/div>\n<div class=\"fusion-portfolio-content\"><h2 class=\"entry-title fusion-post-title\"><a href=\"https:\/\/activar.ca\/fr\/portfolio-items\/beaus-marche-quebecois\/?portfolioCats=74%2C72\" target=\"_blank\" rel=\"noopener noreferrer\">Projet : La Brasserie Beau\u2019s d\u00e9veloppe le march\u00e9 qu\u00e9b\u00e9cois\u00a0<\/a><\/h2><div class=\"fusion-portfolio-meta\"><a href=\"https:\/\/activar.ca\/fr\/portfolio_category\/projets-dinfrastructure\/\" rel=\"tag\">Projets d'infrastructure<\/a><\/div><div class=\"fusion-post-content\"><p>Parce que c\u2019est une histoire de succ\u00e8s de chez nous qui ne peut que cro\u00eetre. Et, c\u2019est une entreprise familiale, socialement responsable qui offre un produit bio.<\/p><\/div><\/div><\/div><\/article><article id=\"portfolio-1-post-716\" class=\"fusion-portfolio-post projets-dinfrastructure fusion-col-spacing post-716\"><div class=\"fusion-portfolio-content-wrapper\" style=\"border:none;\"><span class=\"vcard rich-snippet-hidden\"><span class=\"fn\"><a href=\"https:\/\/activar.ca\/fr\/author\/matnjen\/\" title=\"Articles par Jennifer Larocque\" rel=\"author\">Jennifer Larocque<\/a><\/span><\/span><span class=\"updated rich-snippet-hidden\">2018-02-25T13:59:57-05:00<\/span><div  class=\"fusion-image-wrapper fusion-image-size-fixed\" aria-haspopup=\"true\">\n\t\t\t\t<img decoding=\"async\" width=\"300\" height=\"214\" src=\"https:\/\/activar.ca\/wp-content\/uploads\/CIH_academie-1024x225-300x214.jpg\" class=\"attachment-portfolio-three size-portfolio-three wp-post-image\" alt=\"CIH Academy, Acad\u00e9mie CIH\" \/><div class=\"fusion-rollover\">\n\t<div class=\"fusion-rollover-content\">\n\n\t\t\t\t\t\t\t\t\t\t\t\t\t\t<a class=\"fusion-rollover-link\" href=\"https:\/\/activar.ca\/fr\/portfolio-items\/academie-canadienne-internationale-hockey\/?portfolioCats=74%2C72\" target=\"_blank\">Projet : L\u2019Acad\u00e9mie canadienne et internationale de hockey<\/a>\n\t\t\t\n\t\t\t\t\t\t\t\t\t\t\t\t\t\t\n\t\t\t\t\t\t\t\t\n\t\t\t\t\t\t\t\t\t\t\t\t\t<div class=\"fusion-rollover-sep\"><\/div>\n\t\t\t\t\n\t\t\t\t\t\t\t\t\t\t\t\t\t\t\t\t\t\t<a class=\"fusion-rollover-gallery\" href=\"https:\/\/activar.ca\/wp-content\/uploads\/CIH_academie-1024x225.jpg\" data-options=\"\" data-id=\"716\" data-rel=\"iLightbox[gallery-rw-1]\" data-title=\"CIH_academie-1024x225\" data-caption=\"Source - Acad\u00e9mie CIH Academy\">\n\t\t\t\t\t\tGallery\t\t\t\t\t<\/a>\n\t\t\t\t\t\t\t\t\t\t\t\t\t\t\n\t\t\n\t\t\t\t\t\t\t\t\n\t\t\t\t\t\t\t\t\n\t\t\n\t\t\t\t\t\t<a class=\"fusion-link-wrapper\" href=\"https:\/\/activar.ca\/fr\/portfolio-items\/academie-canadienne-internationale-hockey\/?portfolioCats=74%2C72\" target=\"_blank\" aria-label=\"Projet : L\u2019Acad\u00e9mie canadienne et internationale de hockey\"><\/a>\n\t<\/div>\n<\/div>\n<\/div>\n<div class=\"fusion-portfolio-content\"><h2 class=\"entry-title fusion-post-title\"><a href=\"https:\/\/activar.ca\/fr\/portfolio-items\/academie-canadienne-internationale-hockey\/?portfolioCats=74%2C72\" target=\"_blank\" rel=\"noopener noreferrer\">Projet : L\u2019Acad\u00e9mie canadienne et internationale de hockey<\/a><\/h2><div class=\"fusion-portfolio-meta\"><a href=\"https:\/\/activar.ca\/fr\/portfolio_category\/projets-dinfrastructure\/\" rel=\"tag\">Projets d'infrastructure<\/a><\/div><div class=\"fusion-post-content\"><p>Parce que c'est un projet unique et ambitieux qui incite le monde \u00e0 visiter, \u00e0 consid\u00e9rer l\u2019Est ontarien.<\/p><\/div><\/div><\/div><\/article><\/div><\/div><div class=\"fusion-clearfix\"><\/div><\/div><\/div><\/div><\/div><\/p>\n","protected":false},"excerpt":{"rendered":"","protected":false},"author":4,"featured_media":0,"parent":0,"menu_order":0,"comment_status":"closed","ping_status":"closed","template":"100-width.php","meta":{"_monsterinsights_skip_tracking":false,"_monsterinsights_sitenote_active":false,"_monsterinsights_sitenote_note":"","_monsterinsights_sitenote_category":0,"footnotes":""},"class_list":["post-641","page","type-page","status-publish","hentry"],"aioseo_notices":[],"_links":{"self":[{"href":"https:\/\/activar.ca\/fr\/wp-json\/wp\/v2\/pages\/641","targetHints":{"allow":["GET"]}}],"collection":[{"href":"https:\/\/activar.ca\/fr\/wp-json\/wp\/v2\/pages"}],"about":[{"href":"https:\/\/activar.ca\/fr\/wp-json\/wp\/v2\/types\/page"}],"author":[{"embeddable":true,"href":"https:\/\/activar.ca\/fr\/wp-json\/wp\/v2\/users\/4"}],"replies":[{"embeddable":true,"href":"https:\/\/activar.ca\/fr\/wp-json\/wp\/v2\/comments?post=641"}],"version-history":[{"count":0,"href":"https:\/\/activar.ca\/fr\/wp-json\/wp\/v2\/pages\/641\/revisions"}],"wp:attachment":[{"href":"https:\/\/activar.ca\/fr\/wp-json\/wp\/v2\/media?parent=641"}],"curies":[{"name":"wp","href":"https:\/\/api.w.org\/{rel}","templated":true}]}}