{"id":639,"date":"2016-06-22T11:42:18","date_gmt":"2016-06-22T15:42:18","guid":{"rendered":"http:\/\/new.activar.ca\/fr\/?page_id=639"},"modified":"2021-04-28T23:14:12","modified_gmt":"2021-04-29T03:14:12","slug":"experts-conseils","status":"publish","type":"page","link":"https:\/\/activar.ca\/fr\/experts-conseils\/","title":{"rendered":"Experts-conseils"},"content":{"rendered":"<p><div class=\"fusion-fullwidth fullwidth-box fusion-builder-row-1 nonhundred-percent-fullwidth non-hundred-percent-height-scrolling\" style=\"--awb-background-position:left top;--awb-border-radius-top-left:0px;--awb-border-radius-top-right:0px;--awb-border-radius-bottom-right:0px;--awb-border-radius-bottom-left:0px;--awb-padding-top:20px;--awb-padding-bottom:20px;--awb-border-sizes-top:0px;--awb-border-sizes-bottom:0px;--awb-flex-wrap:wrap;\" ><div class=\"fusion-builder-row fusion-row\"><div class=\"fusion-layout-column fusion_builder_column fusion-builder-column-0 fusion_builder_column_1_1 1_1 fusion-one-full fusion-column-first fusion-column-last fusion-column-no-min-height\" style=\"--awb-bg-size:cover;\"><div class=\"fusion-column-wrapper fusion-flex-column-wrapper-legacy\"><div class=\"fusion-image-element in-legacy-container\" style=\"--awb-caption-title-font-family:var(--h2_typography-font-family);--awb-caption-title-font-weight:var(--h2_typography-font-weight);--awb-caption-title-font-style:var(--h2_typography-font-style);--awb-caption-title-size:var(--h2_typography-font-size);--awb-caption-title-transform:var(--h2_typography-text-transform);--awb-caption-title-line-height:var(--h2_typography-line-height);--awb-caption-title-letter-spacing:var(--h2_typography-letter-spacing);\"><span class=\" fusion-imageframe imageframe-none imageframe-1 hover-type-none\"><img decoding=\"async\" width=\"1497\" height=\"543\" title=\"Activar-winner\" src=\"https:\/\/activar.ca\/wp-content\/uploads\/Activar-winner-e1580069110678.jpg\" alt class=\"img-responsive wp-image-1705\" srcset=\"https:\/\/activar.ca\/wp-content\/uploads\/Activar-winner-e1580069110678-200x73.jpg 200w, https:\/\/activar.ca\/wp-content\/uploads\/Activar-winner-e1580069110678-400x145.jpg 400w, https:\/\/activar.ca\/wp-content\/uploads\/Activar-winner-e1580069110678-600x218.jpg 600w, https:\/\/activar.ca\/wp-content\/uploads\/Activar-winner-e1580069110678-800x290.jpg 800w, https:\/\/activar.ca\/wp-content\/uploads\/Activar-winner-e1580069110678-1200x435.jpg 1200w, https:\/\/activar.ca\/wp-content\/uploads\/Activar-winner-e1580069110678.jpg 1497w\" sizes=\"(max-width: 1125px) 100vw, 1497px\" \/><\/span><\/div><div class=\"fusion-clearfix\"><\/div><\/div><\/div><div class=\"fusion-layout-column fusion_builder_column fusion-builder-column-1 fusion_builder_column_1_1 1_1 fusion-one-full fusion-column-first fusion-column-last fusion-column-no-min-height\" style=\"--awb-bg-size:cover;\"><div class=\"fusion-column-wrapper fusion-flex-column-wrapper-legacy\"><div class=\"fusion-title title fusion-title-1 fusion-sep-none fusion-title-text fusion-title-size-three\" style=\"--awb-margin-top:50px.;--awb-margin-bottom:50px.;--awb-margin-top-small:10px;--awb-margin-right-small:0px;--awb-margin-bottom-small:10px;--awb-margin-left-small:0px;\"><h3 class=\"fusion-title-heading title-heading-left\" style=\"margin:0;\">Experts-conseils<\/h3><\/div><div class=\"fusion-text fusion-text-1\"><p>Passionn\u00e9 des affaires et des multiples voies que peut prendre un voyage entrepreneurial, Activar est enthousiasm\u00e9 de participer \u00e0 des projets qui soutiennent le d\u00e9veloppement des affaires d\u2019entreprises et d&rsquo;entrepreneurs. Au fil des ans, Activar a g\u00e9r\u00e9 des projets li\u00e9s \u00e0 la croissance des entreprises d\u2019une valeur totale de plus de 50 millions de dollars.<\/p>\n<\/div><div class=\"fusion-clearfix\"><\/div><\/div><\/div><div class=\"fusion-layout-column fusion_builder_column fusion-builder-column-2 fusion_builder_column_1_1 1_1 fusion-one-full fusion-column-first fusion-column-last fusion-column-no-min-height\" style=\"--awb-bg-size:cover;\"><div class=\"fusion-column-wrapper fusion-flex-column-wrapper-legacy\"><div class=\"fusion-title title fusion-title-2 fusion-sep-none fusion-title-text fusion-title-size-three\" style=\"--awb-margin-top-small:10px;--awb-margin-right-small:0px;--awb-margin-bottom-small:10px;--awb-margin-left-small:0px;\"><h3 class=\"fusion-title-heading title-heading-left\" style=\"margin:0;\"><h4>Activar agit \u00e0 titre d&rsquo;expert-conseil et offre les services suivants :<\/h4><\/h3><\/div><div class=\"fusion-text fusion-text-2\"><ul>\n<li>Planification et \u00e9tude de faisabilit\u00e9<\/li>\n<li>S\u00e9lection et embauche d\u2019une \u00e9quipe de conseillers<\/li>\n<li>Design du projet<\/li>\n<li>\u00c9valuation et projections financi\u00e8res<\/li>\n<li>Financement du projet<\/li>\n<li>Marketing et communications<\/li>\n<li>Encadrement l\u00e9gal<\/li>\n<li>Contrats de construction, gestion de projet et comptabilit\u00e9<\/li>\n<\/ul>\n<\/div><div class=\"fusion-clearfix\"><\/div><\/div><\/div><\/div><\/div><div class=\"fusion-fullwidth fullwidth-box fusion-builder-row-2 nonhundred-percent-fullwidth non-hundred-percent-height-scrolling\" style=\"--awb-border-radius-top-left:0px;--awb-border-radius-top-right:0px;--awb-border-radius-bottom-right:0px;--awb-border-radius-bottom-left:0px;--awb-flex-wrap:wrap;\" ><div class=\"fusion-builder-row fusion-row\"><div class=\"fusion-layout-column fusion_builder_column fusion-builder-column-3 fusion_builder_column_1_1 1_1 fusion-one-full fusion-column-first fusion-column-last fusion-column-inner-bg-wrapper\" style=\"--awb-inner-bg-size:cover;\"><span class=\"fusion-column-inner-bg hover-type-none\"><a class=\"fusion-column-anchor\" href=\"https:\/\/activar.ca\/fr\/realisations\/\"><span class=\"fusion-column-inner-bg-image\"><\/span><\/a><\/span><div class=\"fusion-column-wrapper fusion-flex-column-wrapper-legacy\"><div class=\"fusion-text fusion-text-3\"><h4>Voir r\u00e9alisations<\/h4>\n<\/div><div class=\"fusion-clearfix\"><\/div><\/div><\/div><\/div><\/div><\/p>\n","protected":false},"excerpt":{"rendered":"","protected":false},"author":4,"featured_media":0,"parent":0,"menu_order":0,"comment_status":"closed","ping_status":"closed","template":"","meta":{"_monsterinsights_skip_tracking":false,"_monsterinsights_sitenote_active":false,"_monsterinsights_sitenote_note":"","_monsterinsights_sitenote_category":0,"footnotes":""},"class_list":["post-639","page","type-page","status-publish","hentry"],"aioseo_notices":[],"_links":{"self":[{"href":"https:\/\/activar.ca\/fr\/wp-json\/wp\/v2\/pages\/639","targetHints":{"allow":["GET"]}}],"collection":[{"href":"https:\/\/activar.ca\/fr\/wp-json\/wp\/v2\/pages"}],"about":[{"href":"https:\/\/activar.ca\/fr\/wp-json\/wp\/v2\/types\/page"}],"author":[{"embeddable":true,"href":"https:\/\/activar.ca\/fr\/wp-json\/wp\/v2\/users\/4"}],"replies":[{"embeddable":true,"href":"https:\/\/activar.ca\/fr\/wp-json\/wp\/v2\/comments?post=639"}],"version-history":[{"count":0,"href":"https:\/\/activar.ca\/fr\/wp-json\/wp\/v2\/pages\/639\/revisions"}],"wp:attachment":[{"href":"https:\/\/activar.ca\/fr\/wp-json\/wp\/v2\/media?parent=639"}],"curies":[{"name":"wp","href":"https:\/\/api.w.org\/{rel}","templated":true}]}}