{"id":1262,"date":"2017-01-26T16:14:37","date_gmt":"2017-01-26T21:14:37","guid":{"rendered":"http:\/\/activar.ca\/fr\/?page_id=1262"},"modified":"2018-02-25T13:59:44","modified_gmt":"2018-02-25T18:59:44","slug":"popsilos","status":"publish","type":"page","link":"https:\/\/activar.ca\/fr\/popsilos\/","title":{"rendered":"Popsilos"},"content":{"rendered":"<div class=\"fusion-fullwidth fullwidth-box fusion-builder-row-1 nonhundred-percent-fullwidth non-hundred-percent-height-scrolling\" style=\"--awb-background-position:left top;--awb-border-radius-top-left:0px;--awb-border-radius-top-right:0px;--awb-border-radius-bottom-right:0px;--awb-border-radius-bottom-left:0px;--awb-padding-top:20px;--awb-padding-bottom:20px;--awb-border-sizes-top:0px;--awb-border-sizes-bottom:0px;--awb-flex-wrap:wrap;\" ><div class=\"fusion-builder-row fusion-row\"><div class=\"fusion-layout-column fusion_builder_column fusion-builder-column-0 fusion_builder_column_1_1 1_1 fusion-one-full fusion-column-first fusion-column-last fusion-column-no-min-height\" style=\"--awb-bg-size:cover;\"><div class=\"fusion-column-wrapper fusion-flex-column-wrapper-legacy\"><div class=\"fusion-title title fusion-title-1 fusion-sep-none fusion-title-text fusion-title-size-three\" style=\"--awb-margin-top:20px;--awb-margin-bottom:30px.;--awb-margin-top-small:10px;--awb-margin-right-small:0px;--awb-margin-bottom-small:10px;--awb-margin-left-small:0px;\"><h3 class=\"fusion-title-heading title-heading-left\" style=\"margin:0;\">Popsilos &#8211;\u00a0<span class=\"s1\">un circuit touristique combinant les arts et l&rsquo;agroalimentaire dans la r\u00e9gion champ\u00eatre de Prescott-Russell pour c\u00e9l\u00e9brer le 150e du Canada<\/span><\/h3><\/div><div class=\"fusion-text fusion-text-1\"><p>Popsilos a maintenant son propre site : <a href=\"http:\/\/popsilos.ca\/fr\" target=\"_blank\">popsilos.ca<\/a><\/p>\n<\/div><div class=\"fusion-text fusion-text-2\"><p>Le projet Popsilos est une id\u00e9e inspir\u00e9e du <a href=\"http:\/\/www.kelburnestate.com\/castle_and_estate\" target=\"_blank\">Ch\u00e2teau Kelburn<\/a> en \u00c9cosse, qui a une fa\u00e7ade recouverte de graffitis pour laquelle il est devenu un arr\u00eat touristique.<\/p>\n<p>Le projet Popsilos combine le tourisme culturel et agroalimentaire pour cr\u00e9er un circuit qui fait d\u00e9couvrir cinq \u0153uvres g\u00e9antes peintes sur des silos de ferme chez des producteurs qui produisent et vendent des produits d\u00e9riv\u00e9s de l\u2019exploitation du terroir dans la r\u00e9gion de Prescott-Russell. Il combine l&rsquo;urbain et le rural sur une m\u00eame toile, soit le silo, et vu sa grandeur, tout le paysage, \u00a0afin de surprendre les visiteurs et leur donner l&rsquo;occasion de vivre une exp\u00e9rience sensorielle,\u00a0sans pareille.<\/p>\n<p>Le projet accueillera \u00a08 artistes exp\u00e9riment\u00e9s, qui travailleront en \u00e9quipe de deux pour produire les cinq \u0153uvres g\u00e9antes sur des silos en guise des c\u00e9l\u00e9brations du 150e anniversaire du Canada.\u00a0Les th\u00e8mes des \u0153uvres sont :<\/p>\n<ul>\n<li>le multiculturalisme et les peuples fondateurs,<\/li>\n<li>l&rsquo;unit\u00e9 de tous les peuples,<\/li>\n<li>l\u2019environnement et<\/li>\n<li>la jeunesse.<\/li>\n<\/ul>\n<p>Chaque \u00e9quipe d&rsquo;artistes aura l&rsquo;occasion de consulter avec un artiste visuel local qui agira \u00e0 titre de mentor culturel \u00e0 l&rsquo;\u00e9tape de la conceptualisation des \u0153uvres suite \u00e0 la tenue d&rsquo;ateliers communautaires.<\/p>\n<p>La production artistique du projet est r\u00e9alis\u00e9e\u00a0en collaboration avec l&rsquo;agence internationale d&rsquo;art urbain <a href=\"http:\/\/www.ashop.ca\/\" target=\"_blank\">Ashop<\/a>.<\/p>\n<p>Notre \u00e9quipe d\u2019activation pour ce projet comprend des repr\u00e9sentants du <a href=\"http:\/\/www.caprac.ca\/fr\/\" target=\"_blank\">Conseil des arts Prescott-Russell<\/a>\u00a0les <a href=\"http:\/\/fr.prescott-russell.on.ca\/\" target=\"_blank\">Comt\u00e9s unis de Prescott et Russell<\/a>, <a href=\"http:\/\/www.tprt.ca\/\" target=\"_blank\">Tourisme Prescott-Russell<\/a>,\u00a0<a href=\"http:\/\/ucfo.ca\/\" target=\"_blank\">l\u2019Union des cultivateurs franco-ontariens<\/a>\u00a0et le R\u00e9seau agroalimentaire de l&rsquo;Est ontarien.<\/p>\n<p><strong>Suivez-nous sur <a href=\"https:\/\/www.facebook.com\/popsilosART\/\" target=\"_blank\">facebook<\/a>, <a href=\"https:\/\/www.instagram.com\/popsilosart\/\" target=\"_blank\">instagram<\/a> et <a href=\"https:\/\/twitter.com\/popsilosART?lang=en\" target=\"_blank\">twitter<\/a> ou cherchez le hashtag\u00a0#Popsilos2017 pour rester \u00e0 l&rsquo;aff\u00fbt des nouvelles. Si vous voulez \u00eatre partenaire, \u00e9crivez-nous \u00e0 jen@popsilos.ca.\u00a0<\/strong><\/p>\n<\/div><div class=\"fusion-text fusion-text-3\"><p>Ce projet est possible avec la participation du gouvernement du Canada.<\/p>\n<\/div><div class=\"fusion-text fusion-text-4\"><p><a href=\"http:\/\/canada.pch.gc.ca\/fra\/1468262573081\" target=\"_blank\"><img decoding=\"async\" class=\"wp-image-1252 aligncenter\" src=\"https:\/\/activar.ca\/wp-content\/uploads\/CANADA150_GC_LOGO_OUTLINE_COMPOSITE_LORES.jpg\" alt=\"Canada 150 logo\" width=\"551\" height=\"184\" \/><\/a><\/p>\n<\/div><div class=\"fusion-clearfix\"><\/div><\/div><\/div><div class=\"fusion-layout-column fusion_builder_column fusion-builder-column-1 fusion_builder_column_1_1 1_1 fusion-one-full fusion-column-first fusion-column-last fusion-column-no-min-height\" style=\"--awb-bg-size:cover;\"><div class=\"fusion-column-wrapper fusion-flex-column-wrapper-legacy\"><div class=\"fusion-title title fusion-title-2 fusion-sep-none fusion-title-text fusion-title-size-three\" style=\"--awb-margin-bottom:50px;--awb-margin-top-small:10px;--awb-margin-right-small:0px;--awb-margin-bottom-small:10px;--awb-margin-left-small:0px;\"><h3 class=\"fusion-title-heading title-heading-left\" style=\"margin:0;\">Collaborateurs<\/h3><\/div><div class=\"fusion-clearfix\"><\/div><\/div><\/div><div class=\"fusion-layout-column fusion_builder_column fusion-builder-column-2 fusion_builder_column_1_4 1_4 fusion-one-fourth fusion-column-first\" style=\"--awb-bg-size:cover;width:22%; margin-right: 4%;\"><div class=\"fusion-column-wrapper fusion-flex-column-wrapper-legacy\"><div class=\"fusion-image-element in-legacy-container\" style=\"--awb-caption-title-font-family:var(--h2_typography-font-family);--awb-caption-title-font-weight:var(--h2_typography-font-weight);--awb-caption-title-font-style:var(--h2_typography-font-style);--awb-caption-title-size:var(--h2_typography-font-size);--awb-caption-title-transform:var(--h2_typography-text-transform);--awb-caption-title-line-height:var(--h2_typography-line-height);--awb-caption-title-letter-spacing:var(--h2_typography-letter-spacing);\"><span class=\" fusion-imageframe imageframe-none imageframe-1 hover-type-none\"><a class=\"fusion-no-lightbox\" href=\"http:\/\/www.caprac.ca\/fr\/\" target=\"_blank\" rel=\"noopener noreferrer\"><img decoding=\"async\" src=\"https:\/\/activar.ca\/wp-content\/uploads\/CAPRAC-150x150.jpg\" alt class=\"img-responsive\"\/><\/a><\/span><\/div><div class=\"fusion-clearfix\"><\/div><\/div><\/div><div class=\"fusion-layout-column fusion_builder_column fusion-builder-column-3 fusion_builder_column_1_4 1_4 fusion-one-fourth\" style=\"--awb-bg-size:cover;width:22%; margin-right: 4%;\"><div class=\"fusion-column-wrapper fusion-flex-column-wrapper-legacy\"><div class=\"fusion-image-element in-legacy-container\" style=\"--awb-caption-title-font-family:var(--h2_typography-font-family);--awb-caption-title-font-weight:var(--h2_typography-font-weight);--awb-caption-title-font-style:var(--h2_typography-font-style);--awb-caption-title-size:var(--h2_typography-font-size);--awb-caption-title-transform:var(--h2_typography-text-transform);--awb-caption-title-line-height:var(--h2_typography-line-height);--awb-caption-title-letter-spacing:var(--h2_typography-letter-spacing);\"><span class=\" fusion-imageframe imageframe-none imageframe-2 hover-type-none\"><a class=\"fusion-no-lightbox\" href=\"http:\/\/www.tprt.ca\/\" target=\"_blank\" rel=\"noopener noreferrer\"><img decoding=\"async\" src=\"https:\/\/activar.ca\/wp-content\/uploads\/TPRT-150x150.jpg\" alt class=\"img-responsive\"\/><\/a><\/span><\/div><div class=\"fusion-clearfix\"><\/div><\/div><\/div><div class=\"fusion-layout-column fusion_builder_column fusion-builder-column-4 fusion_builder_column_1_4 1_4 fusion-one-fourth\" style=\"--awb-bg-size:cover;width:22%; margin-right: 4%;\"><div class=\"fusion-column-wrapper fusion-flex-column-wrapper-legacy\"><div class=\"fusion-image-element in-legacy-container\" style=\"--awb-caption-title-font-family:var(--h2_typography-font-family);--awb-caption-title-font-weight:var(--h2_typography-font-weight);--awb-caption-title-font-style:var(--h2_typography-font-style);--awb-caption-title-size:var(--h2_typography-font-size);--awb-caption-title-transform:var(--h2_typography-text-transform);--awb-caption-title-line-height:var(--h2_typography-line-height);--awb-caption-title-letter-spacing:var(--h2_typography-letter-spacing);\"><span class=\" fusion-imageframe imageframe-none imageframe-3 hover-type-none\"><a class=\"fusion-no-lightbox\" href=\"http:\/\/fr.prescott-russell.on.ca\/\" target=\"_blank\" rel=\"noopener noreferrer\"><img decoding=\"async\" src=\"https:\/\/activar.ca\/wp-content\/uploads\/CUPR-square-150x150.png\" alt class=\"img-responsive\"\/><\/a><\/span><\/div><div class=\"fusion-clearfix\"><\/div><\/div><\/div><div class=\"fusion-layout-column fusion_builder_column fusion-builder-column-5 fusion_builder_column_1_4 1_4 fusion-one-fourth fusion-column-last\" style=\"--awb-bg-size:cover;width:22%;\"><div class=\"fusion-column-wrapper fusion-flex-column-wrapper-legacy\"><div class=\"fusion-image-element in-legacy-container\" style=\"--awb-caption-title-font-family:var(--h2_typography-font-family);--awb-caption-title-font-weight:var(--h2_typography-font-weight);--awb-caption-title-font-style:var(--h2_typography-font-style);--awb-caption-title-size:var(--h2_typography-font-size);--awb-caption-title-transform:var(--h2_typography-text-transform);--awb-caption-title-line-height:var(--h2_typography-line-height);--awb-caption-title-letter-spacing:var(--h2_typography-letter-spacing);\"><span class=\" fusion-imageframe imageframe-none imageframe-4 hover-type-none\"><a class=\"fusion-no-lightbox\" href=\"http:\/\/ucfo.ca\/\" target=\"_blank\" aria-label=\"UCFO\" rel=\"noopener noreferrer\"><img decoding=\"async\" width=\"200\" height=\"134\" src=\"https:\/\/activar.ca\/wp-content\/uploads\/UCFO-e1485460516980.jpg\" alt class=\"img-responsive wp-image-1908\"\/><\/a><\/span><\/div><div class=\"fusion-clearfix\"><\/div><\/div><\/div><\/div><\/div>\n","protected":false},"excerpt":{"rendered":"","protected":false},"author":4,"featured_media":1482,"parent":0,"menu_order":0,"comment_status":"closed","ping_status":"closed","template":"","meta":{"_monsterinsights_skip_tracking":false,"_monsterinsights_sitenote_active":false,"_monsterinsights_sitenote_note":"","_monsterinsights_sitenote_category":0,"footnotes":""},"class_list":["post-1262","page","type-page","status-publish","has-post-thumbnail","hentry"],"aioseo_notices":[],"_links":{"self":[{"href":"https:\/\/activar.ca\/fr\/wp-json\/wp\/v2\/pages\/1262","targetHints":{"allow":["GET"]}}],"collection":[{"href":"https:\/\/activar.ca\/fr\/wp-json\/wp\/v2\/pages"}],"about":[{"href":"https:\/\/activar.ca\/fr\/wp-json\/wp\/v2\/types\/page"}],"author":[{"embeddable":true,"href":"https:\/\/activar.ca\/fr\/wp-json\/wp\/v2\/users\/4"}],"replies":[{"embeddable":true,"href":"https:\/\/activar.ca\/fr\/wp-json\/wp\/v2\/comments?post=1262"}],"version-history":[{"count":0,"href":"https:\/\/activar.ca\/fr\/wp-json\/wp\/v2\/pages\/1262\/revisions"}],"wp:featuredmedia":[{"embeddable":true,"href":"https:\/\/activar.ca\/fr\/wp-json\/wp\/v2\/media\/1482"}],"wp:attachment":[{"href":"https:\/\/activar.ca\/fr\/wp-json\/wp\/v2\/media?parent=1262"}],"curies":[{"name":"wp","href":"https:\/\/api.w.org\/{rel}","templated":true}]}}